{"id":82,"date":"2018-05-11T21:00:07","date_gmt":"2018-05-11T19:00:07","guid":{"rendered":"https:\/\/www.meggima.eu\/cookies\/"},"modified":"2018-05-17T16:04:47","modified_gmt":"2018-05-17T14:04:47","slug":"cookies","status":"publish","type":"page","link":"https:\/\/www.meggima.eu\/it\/cookies\/","title":{"rendered":"Cookies"},"content":{"rendered":"<h1>Cookies<\/h1>\n<p><strong>Cosa sono i cookie?<br \/>\n<\/strong>I cookie sono file di testo che vengono generati dal sito web visitato e salvati sul vostro computer. Quando un utente torna su un sito web gi\u00e0 visitato, il browser richiama i cookie salvati e li invia al server. I cookie permettono l\u2019utilizzo di diverse funzioni del sito, al fine di garantire ai visitatori l\u2019esperienza d\u2019uso e il servizio migliori possibili. Inoltre i cookie informano i gestori dei siti su come determinati utenti utilizzano determinati contenuti.<\/p>\n<p>Questo sito web utilizza cookie tecnici. Questo tipo di cookie permette all\u2019utente di navigare su un sito o di utilizzare le diverse funzioni presenti sul sito stesso. I cookie tecnici offrono ad esempio anche la possibilit\u00e0 di adattare la lingua del sito web alla vostra posizione, di sapere se l\u2019utente sta navigando in modalit\u00e0 registrata o non registrata e infine di reagire a determinate attivit\u00e0 mentre l\u2019utente \u00e8 registrato. I cookie utilizzati su questo sito web contengono esclusivamente dati codificati, ma non informazioni personali sugli utenti.<\/p>\n<p>&nbsp;<\/p>\n<p><strong>Come disattivare i cookie<br \/>\n<\/strong>Le norme sulla protezione dei dati personali prevedono che l&#8217;utente possa disabilitare cookie gi\u00e0 somministrati (&#8220;opt-out&#8221;). L&#8217;opt-out \u00e8 previsto per i cd. &#8220;cookie tecnici&#8221; (art.122 del Codice della Privacy), nonch\u00e9 per i cookie che non rientrino tra i &#8220;cookie tecnici&#8221; precedentemente accettati (&#8220;opt in&#8221;) dall&#8217;utente.<\/p>\n<p>In forza di tale distinzione, l&#8217;utente potr\u00e0 procedere alla disabilitazione e\/o cancellazione dei cookie (&#8220;opt-out&#8221;) mediante le relative impostazioni del proprio browser e alla disabilitazione e\/o cancellazione dei singoli cookie non &#8220;tecnici&#8221; somministrati dalle terze parti accedendo al sito web gestito da European Interactive Digital Advertising Alliance (EDAA) all&#8217;indirizzo\u00a0<a href=\"http:\/\/www.youronlinechoices.eu\">www.youronlinechoices.eu<\/a>.<\/p>\n<p>&nbsp;<\/p>\n","protected":false},"excerpt":{"rendered":"Cookies Cosa sono i cookie? I cookie sono file di testo che vengono generati dal sito web visitato e salvati sul vostro computer. Quando un utente torna su un sito web gi\u00e0 visitato, il browser richiama i cookie salvati e li invia al server. I cookie permettono l\u2019utilizzo di diverse funzioni del sito, al fine&#8230;","protected":false},"author":1,"featured_media":0,"parent":0,"menu_order":100,"comment_status":"closed","ping_status":"closed","template":"","meta":[],"acf":[],"_links":{"self":[{"href":"https:\/\/www.meggima.eu\/it\/wp-json\/wp\/v2\/pages\/82"}],"collection":[{"href":"https:\/\/www.meggima.eu\/it\/wp-json\/wp\/v2\/pages"}],"about":[{"href":"https:\/\/www.meggima.eu\/it\/wp-json\/wp\/v2\/types\/page"}],"author":[{"embeddable":true,"href":"https:\/\/www.meggima.eu\/it\/wp-json\/wp\/v2\/users\/1"}],"replies":[{"embeddable":true,"href":"https:\/\/www.meggima.eu\/it\/wp-json\/wp\/v2\/comments?post=82"}],"version-history":[{"count":3,"href":"https:\/\/www.meggima.eu\/it\/wp-json\/wp\/v2\/pages\/82\/revisions"}],"predecessor-version":[{"id":87,"href":"https:\/\/www.meggima.eu\/it\/wp-json\/wp\/v2\/pages\/82\/revisions\/87"}],"wp:attachment":[{"href":"https:\/\/www.meggima.eu\/it\/wp-json\/wp\/v2\/media?parent=82"}],"curies":[{"name":"wp","href":"https:\/\/api.w.org\/{rel}","templated":true}]}}